
{"id":122,"date":"2016-06-12T00:43:52","date_gmt":"2016-06-11T22:43:52","guid":{"rendered":"http:\/\/www.xn--mhlau-kva.org\/website\/?page_id=122"},"modified":"2016-06-12T00:51:22","modified_gmt":"2016-06-11T22:51:22","slug":"muehlau-2020","status":"publish","type":"page","link":"https:\/\/www.xn--mhlau-kva.org\/website\/muehlau-2020\/","title":{"rendered":"M\u00fchlau 2020"},"content":{"rendered":"<p><img decoding=\"async\" loading=\"lazy\" class=\" wp-image-132 alignleft\" src=\"http:\/\/www.xn--mhlau-kva.org\/website\/wp-content\/uploads\/2016\/06\/Muehlau-271x300.png\" alt=\"M\u00fchlau\" width=\"259\" height=\"287\" srcset=\"https:\/\/www.xn--mhlau-kva.org\/website\/wp-content\/uploads\/2016\/06\/Muehlau-271x300.png 271w, https:\/\/www.xn--mhlau-kva.org\/website\/wp-content\/uploads\/2016\/06\/Muehlau.png 361w\" sizes=\"(max-width: 259px) 100vw, 259px\" \/><\/p>\n<h5>&#8220;Wie wollen wir in Zukunft zusammen leben?&#8221;<\/h5>\n<p>Details zum B\u00fcrgerbeteiligungsprozess f\u00fcr den Stadtteil M\u00fchlau in Innsbruck finden sich auf: <a href=\"http:\/\/muehlau.gemeinde21.org\" target=\"_blank\">http:\/\/muehlau.gemeinde21.org<\/a><\/p>\n<p>&nbsp;<\/p>\n<p><img decoding=\"async\" loading=\"lazy\" class=\"wp-image-126 alignleft\" src=\"http:\/\/www.xn--mhlau-kva.org\/website\/wp-content\/uploads\/2016\/06\/Prozess-300x117.jpg\" alt=\"Prozess\" width=\"439\" height=\"171\" srcset=\"https:\/\/www.xn--mhlau-kva.org\/website\/wp-content\/uploads\/2016\/06\/Prozess-300x117.jpg 300w, https:\/\/www.xn--mhlau-kva.org\/website\/wp-content\/uploads\/2016\/06\/Prozess-450x175.jpg 450w, https:\/\/www.xn--mhlau-kva.org\/website\/wp-content\/uploads\/2016\/06\/Prozess.jpg 525w\" sizes=\"(max-width: 439px) 100vw, 439px\" \/><\/p>\n","protected":false},"excerpt":{"rendered":"<p>&#8220;Wie wollen wir in Zukunft zusammen leben?&#8221; Details zum B\u00fcrgerbeteiligungsprozess f\u00fcr den Stadtteil M\u00fchlau in Innsbruck finden sich auf: http:\/\/muehlau.gemeinde21.org &nbsp;<\/p>\n","protected":false},"author":3,"featured_media":0,"parent":0,"menu_order":0,"comment_status":"closed","ping_status":"closed","template":"","meta":{"footnotes":""},"_links":{"self":[{"href":"https:\/\/www.xn--mhlau-kva.org\/website\/wp-json\/wp\/v2\/pages\/122"}],"collection":[{"href":"https:\/\/www.xn--mhlau-kva.org\/website\/wp-json\/wp\/v2\/pages"}],"about":[{"href":"https:\/\/www.xn--mhlau-kva.org\/website\/wp-json\/wp\/v2\/types\/page"}],"author":[{"embeddable":true,"href":"https:\/\/www.xn--mhlau-kva.org\/website\/wp-json\/wp\/v2\/users\/3"}],"replies":[{"embeddable":true,"href":"https:\/\/www.xn--mhlau-kva.org\/website\/wp-json\/wp\/v2\/comments?post=122"}],"version-history":[{"count":12,"href":"https:\/\/www.xn--mhlau-kva.org\/website\/wp-json\/wp\/v2\/pages\/122\/revisions"}],"predecessor-version":[{"id":138,"href":"https:\/\/www.xn--mhlau-kva.org\/website\/wp-json\/wp\/v2\/pages\/122\/revisions\/138"}],"wp:attachment":[{"href":"https:\/\/www.xn--mhlau-kva.org\/website\/wp-json\/wp\/v2\/media?parent=122"}],"curies":[{"name":"wp","href":"https:\/\/api.w.org\/{rel}","templated":true}]}}