
{"id":4773,"date":"2023-09-14T22:04:00","date_gmt":"2023-09-14T20:04:00","guid":{"rendered":"http:\/\/www.xn--mhlau-kva.org\/website\/?page_id=4773"},"modified":"2023-09-30T12:19:02","modified_gmt":"2023-09-30T10:19:02","slug":"muehlau-stadtteil-fest-2023","status":"publish","type":"page","link":"https:\/\/www.xn--mhlau-kva.org\/website\/muehlau-stadtteil-fest-2023\/","title":{"rendered":"M\u00dcHLAU STADTTEIL FEST"},"content":{"rendered":"\n<figure class=\"wp-block-image size-large\"><img decoding=\"async\" loading=\"lazy\" width=\"1030\" height=\"464\" src=\"https:\/\/www.xn--mhlau-kva.org\/website\/wp-content\/uploads\/2023\/09\/Muehlau-Stadtteil-Fest-1030x464.jpg\" alt=\"\" class=\"wp-image-5037\" srcset=\"https:\/\/www.xn--mhlau-kva.org\/website\/wp-content\/uploads\/2023\/09\/Muehlau-Stadtteil-Fest-1030x464.jpg 1030w, https:\/\/www.xn--mhlau-kva.org\/website\/wp-content\/uploads\/2023\/09\/Muehlau-Stadtteil-Fest-300x135.jpg 300w, https:\/\/www.xn--mhlau-kva.org\/website\/wp-content\/uploads\/2023\/09\/Muehlau-Stadtteil-Fest-768x346.jpg 768w, https:\/\/www.xn--mhlau-kva.org\/website\/wp-content\/uploads\/2023\/09\/Muehlau-Stadtteil-Fest-705x318.jpg 705w, https:\/\/www.xn--mhlau-kva.org\/website\/wp-content\/uploads\/2023\/09\/Muehlau-Stadtteil-Fest.jpg 1200w\" sizes=\"(max-width: 1030px) 100vw, 1030px\" \/><\/figure>\n\n\n\n<p class=\"has-text-align-left has-medium-font-size\"><strong>Der 1.Oktober 2023 wird in M\u00fchlau zum \u201cTag der Jugend\u201d.<\/strong><\/p>\n\n\n\n<p>Nach der Sonntagsmesse um 10.15 Uhr pr\u00e4sentieren ab 11 Uhr die M\u00fchlauer Vereine an insgesamt 18 Stationen ihre Jugendarbeit und laden zum Mitmachen ein.<\/p>\n\n\n\n<p>Der Dorfplatz wird an diesem Tag komplett zur Autofreien-Zone und auch die Kirchgasse wird von der Volksschule bis zum Haus Nr.2 gesperrt. <\/p>\n\n\n\n<p>Beim Infostand vor der Volksschule werden Fragen zu den Stationen beantwortet und auch die Bons f\u00fcr Essen und Getr\u00e4nke gibt es dort zu kaufen.<br>Am besten ihr startet hier und nehmt euch gleich die Brosch\u00fcre als Leitfaden f\u00fcr die Veranstaltungen mit.<\/p>\n\n\n\n<p>F\u00fcr alle, die Lust auf eine digitale Schnitzeljagd haben, gibt es auch eine eigene <a href=\"https:\/\/actionbound.com\/bound\/stadtteilfest-muehlau\">\u201eStadtteilfest M\u00fchlau\u201c <\/a><a rel=\"noreferrer noopener\" href=\"https:\/\/actionbound.com\/bound\/stadtteilfest-muehlau\" target=\"_blank\">ACTIONBOUND<\/a>, mit Informationen, Aufgaben und Quizzfragen zu den Stationen. F\u00fcr die Gewinner:innen winken tolle Preise.<\/p>\n\n\n\n<p class=\"has-medium-font-size\"><strong>F\u00fcr Details klicke auf die Stationen in der Liste:<\/strong><\/p>\n\n\n\n<ol>\n<li class=\"has-medium-font-size\"><a href=\"https:\/\/xn--mhlau-kva.org\/website\/muehlau-stadtteil-fest-2023\/1-buehne\/\">B\u00fchne<\/a><br>1.1 <a href=\"http:\/\/xn--mhlau-kva.org\/website\/muehlau-stadtteil-fest-2023\/1-1-muehlauer-saenger-und-jugendensemble\/\">M\u00fchlauer S\u00e4nger und Jugendensemble<\/a><\/li>\n\n\n\n<li class=\"has-medium-font-size\"><a href=\"https:\/\/xn--mhlau-kva.org\/website\/muehlau-stadtteil-fest-2023\/2-stadtteiltreff\/\">Stadtteiltreff<\/a><\/li>\n\n\n\n<li class=\"has-medium-font-size\"><a href=\"https:\/\/xn--mhlau-kva.org\/website\/muehlau-stadtteil-fest-2023\/3-feuerwehr\/\">Feuerwehr<\/a><\/li>\n\n\n\n<li class=\"has-medium-font-size\"><a href=\"https:\/\/www.xn--mhlau-kva.org\/website\/muehlau-stadtteil-fest-2023\/4-volksschule-muehlau\/\">Volksschule M\u00fchlau<\/a> (F\u00fchrungen)<\/li>\n\n\n\n<li class=\"has-medium-font-size\"><a href=\"https:\/\/www.xn--mhlau-kva.org\/website\/muehlau-stadtteil-fest-2023\/5-musikkapelle-muehlau\/\">Musikkapelle M\u00fchlau<\/a> (Instrumente in der VS M\u00fchlau &#8211; Foyer)<\/li>\n\n\n\n<li class=\"has-medium-font-size\"><a href=\"https:\/\/www.xn--mhlau-kva.org\/website\/muehlau-stadtteil-fest-2023\/6-dancequarter\/\">DanceQuarter<\/a><\/li>\n\n\n\n<li class=\"has-medium-font-size\"><a href=\"https:\/\/xn--mhlau-kva.org\/website\/muehlau-stadtteil-fest-2023\/7-buecherei-muehlau\/\">B\u00fccherei<\/a> (Kasperltheater)<\/li>\n\n\n\n<li class=\"has-medium-font-size\"><a href=\"https:\/\/www.xn--mhlau-kva.org\/website\/muehlau-stadtteil-fest-2023\/8-dorfwerkstatt-muehlau\/\">DorfWerkStatt<\/a> (Ausstellung)<\/li>\n\n\n\n<li class=\"has-medium-font-size\"><a href=\"https:\/\/xn--mhlau-kva.org\/website\/muehlau-stadtteil-fest-2023\/9-natopia-ikb\/\">Natopia &#8211; IKB<\/a><\/li>\n\n\n\n<li class=\"has-medium-font-size\"><a href=\"https:\/\/www.xn--mhlau-kva.org\/website\/muehlau-stadtteil-fest-2023\/10-brauchtumsgruppe-muehlau\/\">Brauchtumsgruppe M\u00fchlau<\/a><\/li>\n\n\n\n<li class=\"has-medium-font-size\"><a href=\"https:\/\/www.xn--mhlau-kva.org\/website\/muehlau-stadtteil-fest-2023\/11-musikkapelle-muehlau\/\">Musikkapelle M\u00fchlau<\/a><\/li>\n\n\n\n<li class=\"has-medium-font-size\"><a href=\"https:\/\/www.xn--mhlau-kva.org\/website\/muehlau-stadtteil-fest-2023\/12-schuetzenkompanie-muehlau\/\">Sch\u00fctzenkompanie M\u00fchlau<\/a><\/li>\n\n\n\n<li class=\"has-medium-font-size\"><a href=\"https:\/\/www.xn--mhlau-kva.org\/website\/muehlau-stadtteil-fest-2023\/13-paint-the-street\/\">Paint the Street<\/a><\/li>\n\n\n\n<li class=\"has-medium-font-size\"><a href=\"https:\/\/www.xn--mhlau-kva.org\/website\/muehlau-stadtteil-fest-2023\/14-weg-der-erinnerung\/\">Weg der Erinnerung<\/a><\/li>\n\n\n\n<li class=\"has-medium-font-size\"><a href=\"https:\/\/www.xn--mhlau-kva.org\/website\/muehlau-stadtteil-fest-2023\/15-kirche-sakristei-turm\/\">Kirche, Sakristei, Turm<\/a><\/li>\n\n\n\n<li class=\"has-medium-font-size\"><a href=\"https:\/\/xn--mhlau-kva.org\/website\/muehlau-stadtteil-fest-2023\/16-widum\/\" data-type=\"page\" data-id=\"4977\">Widum<\/a> (Pfarrjugend)<\/li>\n\n\n\n<li class=\"has-medium-font-size\"><a href=\"https:\/\/www.xn--mhlau-kva.org\/website\/muehlau-stadtteil-fest-2023\/17-biotop-muehlau\/\">Biotop M\u00fchlau<\/a> (F\u00fchrungen)<\/li>\n\n\n\n<li class=\"has-medium-font-size\"><a href=\"https:\/\/www.xn--mhlau-kva.org\/website\/muehlau-stadtteil-fest-2023\/18-fuchsloch\/\">Fuchsloch<\/a> (\u00f6nj-Tirol)<\/li>\n<\/ol>\n\n\n\n<p class=\"has-medium-font-size\">         <a rel=\"noreferrer noopener\" href=\"https:\/\/actionbound.com\/bound\/stadtteilfest-muehlau\" target=\"_blank\">&#8220;Stadteilfest M\u00fchlau&#8221; ACTIONBOUND<\/a>   (gratis Actionbound APP am Handy wird ben\u00f6tigt)<\/p>\n\n\n\n<figure class=\"wp-block-image size-large\"><img decoding=\"async\" loading=\"lazy\" width=\"728\" height=\"1030\" src=\"https:\/\/www.xn--mhlau-kva.org\/website\/wp-content\/uploads\/2023\/09\/ibk_stf_muehlau-1-728x1030.jpg\" alt=\"\" class=\"wp-image-5240\" srcset=\"https:\/\/www.xn--mhlau-kva.org\/website\/wp-content\/uploads\/2023\/09\/ibk_stf_muehlau-1-728x1030.jpg 728w, https:\/\/www.xn--mhlau-kva.org\/website\/wp-content\/uploads\/2023\/09\/ibk_stf_muehlau-1-212x300.jpg 212w, https:\/\/www.xn--mhlau-kva.org\/website\/wp-content\/uploads\/2023\/09\/ibk_stf_muehlau-1-768x1086.jpg 768w, https:\/\/www.xn--mhlau-kva.org\/website\/wp-content\/uploads\/2023\/09\/ibk_stf_muehlau-1-1086x1536.jpg 1086w, https:\/\/www.xn--mhlau-kva.org\/website\/wp-content\/uploads\/2023\/09\/ibk_stf_muehlau-1-1061x1500.jpg 1061w, https:\/\/www.xn--mhlau-kva.org\/website\/wp-content\/uploads\/2023\/09\/ibk_stf_muehlau-1-499x705.jpg 499w, https:\/\/www.xn--mhlau-kva.org\/website\/wp-content\/uploads\/2023\/09\/ibk_stf_muehlau-1.jpg 1200w\" sizes=\"(max-width: 728px) 100vw, 728px\" \/><\/figure>\n\n\n\n<p><\/p>\n","protected":false},"excerpt":{"rendered":"<p>Der 1.Oktober 2023 wird in M\u00fchlau zum \u201cTag der Jugend\u201d. Nach der Sonntagsmesse um 10.15 Uhr pr\u00e4sentieren ab 11 Uhr die M\u00fchlauer Vereine an insgesamt 18 Stationen ihre Jugendarbeit und [&hellip;]<\/p>\n","protected":false},"author":3,"featured_media":0,"parent":0,"menu_order":0,"comment_status":"closed","ping_status":"closed","template":"","meta":{"footnotes":""},"_links":{"self":[{"href":"https:\/\/www.xn--mhlau-kva.org\/website\/wp-json\/wp\/v2\/pages\/4773"}],"collection":[{"href":"https:\/\/www.xn--mhlau-kva.org\/website\/wp-json\/wp\/v2\/pages"}],"about":[{"href":"https:\/\/www.xn--mhlau-kva.org\/website\/wp-json\/wp\/v2\/types\/page"}],"author":[{"embeddable":true,"href":"https:\/\/www.xn--mhlau-kva.org\/website\/wp-json\/wp\/v2\/users\/3"}],"replies":[{"embeddable":true,"href":"https:\/\/www.xn--mhlau-kva.org\/website\/wp-json\/wp\/v2\/comments?post=4773"}],"version-history":[{"count":71,"href":"https:\/\/www.xn--mhlau-kva.org\/website\/wp-json\/wp\/v2\/pages\/4773\/revisions"}],"predecessor-version":[{"id":5294,"href":"https:\/\/www.xn--mhlau-kva.org\/website\/wp-json\/wp\/v2\/pages\/4773\/revisions\/5294"}],"wp:attachment":[{"href":"https:\/\/www.xn--mhlau-kva.org\/website\/wp-json\/wp\/v2\/media?parent=4773"}],"curies":[{"name":"wp","href":"https:\/\/api.w.org\/{rel}","templated":true}]}}