
{"id":4781,"date":"2023-09-15T22:31:50","date_gmt":"2023-09-15T20:31:50","guid":{"rendered":"http:\/\/www.xn--mhlau-kva.org\/website\/?page_id=4781"},"modified":"2023-09-25T21:37:46","modified_gmt":"2023-09-25T19:37:46","slug":"2-stadtteiltreff","status":"publish","type":"page","link":"https:\/\/www.xn--mhlau-kva.org\/website\/muehlau-stadtteil-fest-2023\/2-stadtteiltreff\/","title":{"rendered":"2. Stadtteiltreff M\u00fchlau"},"content":{"rendered":"\n<figure class=\"wp-block-image size-large\"><img decoding=\"async\" loading=\"lazy\" width=\"1030\" height=\"541\" src=\"https:\/\/www.xn--mhlau-kva.org\/website\/wp-content\/uploads\/2023\/09\/ISD-Sozialzentrum-Muehlau-1-1030x541.jpeg\" alt=\"\" class=\"wp-image-5218\" srcset=\"https:\/\/www.xn--mhlau-kva.org\/website\/wp-content\/uploads\/2023\/09\/ISD-Sozialzentrum-Muehlau-1-1030x541.jpeg 1030w, https:\/\/www.xn--mhlau-kva.org\/website\/wp-content\/uploads\/2023\/09\/ISD-Sozialzentrum-Muehlau-1-300x157.jpeg 300w, https:\/\/www.xn--mhlau-kva.org\/website\/wp-content\/uploads\/2023\/09\/ISD-Sozialzentrum-Muehlau-1-768x403.jpeg 768w, https:\/\/www.xn--mhlau-kva.org\/website\/wp-content\/uploads\/2023\/09\/ISD-Sozialzentrum-Muehlau-1-1536x806.jpeg 1536w, https:\/\/www.xn--mhlau-kva.org\/website\/wp-content\/uploads\/2023\/09\/ISD-Sozialzentrum-Muehlau-1-1500x787.jpeg 1500w, https:\/\/www.xn--mhlau-kva.org\/website\/wp-content\/uploads\/2023\/09\/ISD-Sozialzentrum-Muehlau-1-705x370.jpeg 705w, https:\/\/www.xn--mhlau-kva.org\/website\/wp-content\/uploads\/2023\/09\/ISD-Sozialzentrum-Muehlau-1.jpeg 1812w\" sizes=\"(max-width: 1030px) 100vw, 1030px\" \/><\/figure>\n\n\n\n<p><strong>Gemeinsam Nachbarschaft gestalten.<\/strong><\/p>\n\n\n\n<p>Am Jugendtag wird der Stadtteiltreff zum Treffp\u00fcnktchen f\u00fcr Kleine und Gro\u00dfe Kinder &#x263a;<\/p>\n\n\n\n<p>Spiel und Spa\u00df \/ Ruheraum f\u00fcr die Kleinsten, Mama, Papa &amp; Gro\u00dfeltern \/ Vorlesestation \/ Bau dir deinen Stadtteil, Bastelstation, Kinderschminkstation. Jugendland Info-Eck als Kooperationspartner: Jugendliche und Interessierte k\u00f6nnen sich melden, informieren und sich bei den Unterlagen selbst bedienen \/ Standbetreuung durch STT, Koffer Stadtteilarbeit \/ W\u00fcrfel f\u00fcr Kinder Jugendliche \u2013 wie ist dein Blick auf deinen Stadtteil M\u00fchlau?<br><\/p>\n\n\n\n<p>Im Mai 2021 wurde das&nbsp;bestehende ISD Sozialzentrum M\u00fchlau zum ISD&nbsp;<a href=\"https:\/\/www.isd.or.at\/de\/stadtteilarbeit\/stadtteiltreffs\/stadtteiltreff-m%C3%BChlau-und-kontaktb%C3%BCro-lia-h%C3%B6tting\/540-0.html\" target=\"_blank\" rel=\"noreferrer noopener\">Stadtteiltreff M\u00fchlau<\/a>.<\/p>\n\n\n\n<p>Der ISD Stadtteiltreff M\u00fchlau erweitert nunmehr sein&nbsp;Angebot hin zu einem offenen Ort der Begegnung und des nachbarschaftlichen&nbsp;Austausches. In den w\u00f6chentlichen&nbsp; Sprechzeiten k\u00f6nnen Anliegen der Bev\u00f6lkerung oder eigene&nbsp;Projektideen eingebracht werden.<br>In den letzten Jahren verst\u00e4rkte sich in&nbsp;M\u00fchlau eine Zusammenarbeit und Kooperation seitens des Stadtteiltreffs mit der&nbsp;DorfWerkStatt M\u00fchlau und der Pfarre M\u00fchlau. Einige gemeinsame Projekte konnten&nbsp;bereits umgesetzt werden.<\/p>\n\n\n\n<p><strong>Sprechzeit: Dienstag 10:00 bis 12:00 Uhr (gerne auch nach Vereinbarung)<\/strong><\/p>\n\n\n\n<p><br><\/p>\n\n\n\n<div class=\"wp-block-buttons is-content-justification-center is-layout-flex wp-container-1 wp-block-buttons-is-layout-flex\">\n<div class=\"wp-block-button has-custom-font-size has-small-font-size\"><a class=\"wp-block-button__link has-black-color has-luminous-vivid-amber-background-color has-text-color has-background wp-element-button\" href=\"https:\/\/xn--mhlau-kva.org\/website\/muehlau-stadtteil-fest-2023\/\">ZUR\u00dcCK ZUR STARTSEITE<\/a><\/div>\n\n\n\n<div class=\"wp-block-button has-custom-font-size has-small-font-size\"><a class=\"wp-block-button__link has-black-color has-luminous-vivid-amber-background-color has-text-color has-background wp-element-button\" href=\"https:\/\/www.xn--mhlau-kva.org\/website\/muehlau-stadtteil-fest-2023\/3-feuerwehr\/\">ZUR N\u00c4CHSTEN STATION<\/a><\/div>\n<\/div>\n\n\n\n<div class=\"wp-block-buttons alignfull is-content-justification-center is-layout-flex wp-container-2 wp-block-buttons-is-layout-flex\"><\/div>\n\n\n\n<div class=\"wp-block-buttons is-layout-flex wp-block-buttons-is-layout-flex\"><\/div>\n","protected":false},"excerpt":{"rendered":"<p>Gemeinsam Nachbarschaft gestalten. Am Jugendtag wird der Stadtteiltreff zum Treffp\u00fcnktchen f\u00fcr Kleine und Gro\u00dfe Kinder &#x263a; Spiel und Spa\u00df \/ Ruheraum f\u00fcr die Kleinsten, Mama, Papa &amp; Gro\u00dfeltern \/ Vorlesestation [&hellip;]<\/p>\n","protected":false},"author":3,"featured_media":0,"parent":4773,"menu_order":2,"comment_status":"closed","ping_status":"closed","template":"","meta":{"footnotes":""},"_links":{"self":[{"href":"https:\/\/www.xn--mhlau-kva.org\/website\/wp-json\/wp\/v2\/pages\/4781"}],"collection":[{"href":"https:\/\/www.xn--mhlau-kva.org\/website\/wp-json\/wp\/v2\/pages"}],"about":[{"href":"https:\/\/www.xn--mhlau-kva.org\/website\/wp-json\/wp\/v2\/types\/page"}],"author":[{"embeddable":true,"href":"https:\/\/www.xn--mhlau-kva.org\/website\/wp-json\/wp\/v2\/users\/3"}],"replies":[{"embeddable":true,"href":"https:\/\/www.xn--mhlau-kva.org\/website\/wp-json\/wp\/v2\/comments?post=4781"}],"version-history":[{"count":23,"href":"https:\/\/www.xn--mhlau-kva.org\/website\/wp-json\/wp\/v2\/pages\/4781\/revisions"}],"predecessor-version":[{"id":5219,"href":"https:\/\/www.xn--mhlau-kva.org\/website\/wp-json\/wp\/v2\/pages\/4781\/revisions\/5219"}],"up":[{"embeddable":true,"href":"https:\/\/www.xn--mhlau-kva.org\/website\/wp-json\/wp\/v2\/pages\/4773"}],"wp:attachment":[{"href":"https:\/\/www.xn--mhlau-kva.org\/website\/wp-json\/wp\/v2\/media?parent=4781"}],"curies":[{"name":"wp","href":"https:\/\/api.w.org\/{rel}","templated":true}]}}