
{"id":4785,"date":"2023-09-15T22:36:03","date_gmt":"2023-09-15T20:36:03","guid":{"rendered":"http:\/\/www.xn--mhlau-kva.org\/website\/?page_id=4785"},"modified":"2023-09-30T12:05:26","modified_gmt":"2023-09-30T10:05:26","slug":"3-feuerwehr","status":"publish","type":"page","link":"https:\/\/www.xn--mhlau-kva.org\/website\/muehlau-stadtteil-fest-2023\/3-feuerwehr\/","title":{"rendered":"3. Feuerwehr"},"content":{"rendered":"\n<figure class=\"wp-block-image size-large\"><img decoding=\"async\" loading=\"lazy\" width=\"1030\" height=\"541\" src=\"https:\/\/www.xn--mhlau-kva.org\/website\/wp-content\/uploads\/2023\/09\/Jugendfeuerwehr-Muehlau-1-1030x541.jpg\" alt=\"\" class=\"wp-image-5288\" srcset=\"https:\/\/www.xn--mhlau-kva.org\/website\/wp-content\/uploads\/2023\/09\/Jugendfeuerwehr-Muehlau-1-1030x541.jpg 1030w, https:\/\/www.xn--mhlau-kva.org\/website\/wp-content\/uploads\/2023\/09\/Jugendfeuerwehr-Muehlau-1-300x158.jpg 300w, https:\/\/www.xn--mhlau-kva.org\/website\/wp-content\/uploads\/2023\/09\/Jugendfeuerwehr-Muehlau-1-768x403.jpg 768w, https:\/\/www.xn--mhlau-kva.org\/website\/wp-content\/uploads\/2023\/09\/Jugendfeuerwehr-Muehlau-1-705x370.jpg 705w, https:\/\/www.xn--mhlau-kva.org\/website\/wp-content\/uploads\/2023\/09\/Jugendfeuerwehr-Muehlau-1.jpg 1200w\" sizes=\"(max-width: 1030px) 100vw, 1030px\" \/><\/figure>\n\n\n\n<p><strong>Schlauchbowling zum Mitmachen<\/strong><br><br>Im Schulhof ist die <a rel=\"noreferrer noopener\" href=\"https:\/\/www.feuerwehr-muehlau.at\/CMS3\/jugendefeuerwehr\/\" target=\"_blank\">Feuerwehrjugend<\/a> vertreten und l\u00e4dt alle Besucher:innen ein beim Schlauch-Bowling mitzumachen und die Feuerwehr zum Anfassen zu erleben. Der \u201eHUB\u201c mit Arbeitsb\u00fchne erg\u00e4nzt das Angebot.<\/p>\n\n\n\n<p>Der Tuchfabrikant Ferdinand Weyrer gr\u00fcndete 1874 als eine der ersten Feuerwehren Tirols die <a rel=\"noreferrer noopener\" href=\"https:\/\/www.feuerwehr-muehlau.at\" target=\"_blank\">Feuerwehr M\u00fchlau<\/a>. <br>Im kommenden Jahr kann die Feuerwehr ihr 150 j\u00e4hriges Bestandsjubil\u00e4um feiern. <br><br>Dank seiner starken Truppe kann die Feuerwehr M\u00fchlau bis heute auf laufende Innovationen und Einsatzst\u00e4rke verweisen. So ist sie f\u00fcr den Bereich der Technischen Ortung von Versch\u00fctteten als einzige Feuerwehr in Tirol ausger\u00fcstet und ausgebildet. Die Veranstaltung von B\u00e4llen und Festen war und ist auch heute ein Beitrag zur lebendigen Stadtteil-Gemeinschaft. Mit der Ausrichtung des Landes-Feuerwehrleistungsbewerbes in den Jahren 1994 und 2013 k\u00f6nnen die M\u00fchlauer auch auf die Ausrichtung von 2 Landesbewerben verweisen.&nbsp;<br><br><\/p>\n\n\n\n<div class=\"wp-block-buttons is-content-justification-center is-layout-flex wp-container-1 wp-block-buttons-is-layout-flex\">\n<div class=\"wp-block-button has-custom-font-size has-small-font-size\"><a class=\"wp-block-button__link has-black-color has-luminous-vivid-amber-background-color has-text-color has-background has-text-align-center wp-element-button\" href=\"https:\/\/xn--mhlau-kva.org\/website\/muehlau-stadtteil-fest-2023\/\">ZUR\u00dcCK ZUR STARTSEITE<\/a><\/div>\n\n\n\n<div class=\"wp-block-button has-custom-font-size has-small-font-size\"><a class=\"wp-block-button__link has-black-color has-luminous-vivid-amber-background-color has-text-color has-background wp-element-button\" href=\"https:\/\/www.xn--mhlau-kva.org\/website\/muehlau-stadtteil-fest-2023\/4-volksschule-muehlau\/\">ZUR N\u00c4CHSTEN STATION<\/a><\/div>\n<\/div>\n","protected":false},"excerpt":{"rendered":"<p>Schlauchbowling zum Mitmachen Im Schulhof ist die Feuerwehrjugend vertreten und l\u00e4dt alle Besucher:innen ein beim Schlauch-Bowling mitzumachen und die Feuerwehr zum Anfassen zu erleben. Der \u201eHUB\u201c mit Arbeitsb\u00fchne erg\u00e4nzt das [&hellip;]<\/p>\n","protected":false},"author":3,"featured_media":0,"parent":4773,"menu_order":3,"comment_status":"closed","ping_status":"closed","template":"","meta":{"footnotes":""},"_links":{"self":[{"href":"https:\/\/www.xn--mhlau-kva.org\/website\/wp-json\/wp\/v2\/pages\/4785"}],"collection":[{"href":"https:\/\/www.xn--mhlau-kva.org\/website\/wp-json\/wp\/v2\/pages"}],"about":[{"href":"https:\/\/www.xn--mhlau-kva.org\/website\/wp-json\/wp\/v2\/types\/page"}],"author":[{"embeddable":true,"href":"https:\/\/www.xn--mhlau-kva.org\/website\/wp-json\/wp\/v2\/users\/3"}],"replies":[{"embeddable":true,"href":"https:\/\/www.xn--mhlau-kva.org\/website\/wp-json\/wp\/v2\/comments?post=4785"}],"version-history":[{"count":20,"href":"https:\/\/www.xn--mhlau-kva.org\/website\/wp-json\/wp\/v2\/pages\/4785\/revisions"}],"predecessor-version":[{"id":5289,"href":"https:\/\/www.xn--mhlau-kva.org\/website\/wp-json\/wp\/v2\/pages\/4785\/revisions\/5289"}],"up":[{"embeddable":true,"href":"https:\/\/www.xn--mhlau-kva.org\/website\/wp-json\/wp\/v2\/pages\/4773"}],"wp:attachment":[{"href":"https:\/\/www.xn--mhlau-kva.org\/website\/wp-json\/wp\/v2\/media?parent=4785"}],"curies":[{"name":"wp","href":"https:\/\/api.w.org\/{rel}","templated":true}]}}