
{"id":4930,"date":"2023-09-19T20:52:51","date_gmt":"2023-09-19T18:52:51","guid":{"rendered":"https:\/\/www.xn--mhlau-kva.org\/website\/?page_id=4930"},"modified":"2023-09-23T15:24:20","modified_gmt":"2023-09-23T13:24:20","slug":"9-natopia-ikb","status":"publish","type":"page","link":"https:\/\/www.xn--mhlau-kva.org\/website\/muehlau-stadtteil-fest-2023\/9-natopia-ikb\/","title":{"rendered":"9. Natopia &#8211; IKB"},"content":{"rendered":"\n<figure class=\"wp-block-image size-large\"><a href=\"https:\/\/de.actionbound.com\/bound\/unser-innsbrucker-wasser\" target=\"_blank\" rel=\"noreferrer noopener\"><img decoding=\"async\" loading=\"lazy\" width=\"1030\" height=\"488\" src=\"https:\/\/www.xn--mhlau-kva.org\/website\/wp-content\/uploads\/2023\/09\/Wasser-Challange-Actionbound-1-1030x488.jpg\" alt=\"\" class=\"wp-image-5135\" srcset=\"https:\/\/www.xn--mhlau-kva.org\/website\/wp-content\/uploads\/2023\/09\/Wasser-Challange-Actionbound-1-1030x488.jpg 1030w, https:\/\/www.xn--mhlau-kva.org\/website\/wp-content\/uploads\/2023\/09\/Wasser-Challange-Actionbound-1-300x142.jpg 300w, https:\/\/www.xn--mhlau-kva.org\/website\/wp-content\/uploads\/2023\/09\/Wasser-Challange-Actionbound-1-768x364.jpg 768w, https:\/\/www.xn--mhlau-kva.org\/website\/wp-content\/uploads\/2023\/09\/Wasser-Challange-Actionbound-1-705x334.jpg 705w, https:\/\/www.xn--mhlau-kva.org\/website\/wp-content\/uploads\/2023\/09\/Wasser-Challange-Actionbound-1.jpg 1200w\" sizes=\"(max-width: 1030px) 100vw, 1030px\" \/><\/a><\/figure>\n\n\n\n<p><strong>Die IKB-Wasserchallenge in M\u00fchlau<\/strong><\/p>\n\n\n\n<p>Die <a href=\"https:\/\/de.actionbound.com\/bound\/unser-innsbrucker-wasser\">Actionbound Challange &#8220;Unser Innsbrucker <\/a><a rel=\"noreferrer noopener\" href=\"https:\/\/de.actionbound.com\/bound\/unser-innsbrucker-wasser\" target=\"_blank\">Wasser<\/a><a href=\"https:\/\/de.actionbound.com\/bound\/unser-innsbrucker-wasser\">&#8220;<\/a> ist eine digitale Schnitzeljagd zum Thema Innsbrucker Wasser.<br>Bei dieser Station gibts Informationen zur App, QR Code und anschlie\u00dfend eine Preis\u00fcbergabe in der B\u00fccherei. <\/p>\n\n\n\n<p>An 11 Stationen mit Quizfragen und verschiedenen Aufgaben entdeckt ihr im <a rel=\"noreferrer noopener\" href=\"https:\/\/de.actionbound.com\/bound\/unser-innsbrucker-wasser\" target=\"_blank\">kostenlosen App-Rundgang<\/a> von <a rel=\"noreferrer noopener\" href=\"https:\/\/www.ikb.at\/wasserqualitaet-innsbruck\" target=\"_blank\">IKB<\/a> und <a rel=\"noreferrer noopener\" href=\"https:\/\/www.natopia.at\/\" target=\"_blank\">Natopia <\/a>viel zum Innsbrucker Wasser. <br><br>Welche Wassertiere leben im M\u00fchlauer Bach und wie viele Beine hat ein \u201eR\u00fcckenschwimmer\u201c? <br>Wer entdeckt die versteckten Hydranten in der M\u00fchlauer Kirchgasse? <br>Wo kommt das Innsbrucker Trinkwasser her und wie wird daraus ganz nebenbei Energie gemacht? <br><br>Wer ausreichend Punkte sammelt, darf sich \u00fcber eine Belohnung freuen.<br><br><\/p>\n\n\n\n<div class=\"wp-block-buttons is-content-justification-center is-layout-flex wp-container-1 wp-block-buttons-is-layout-flex\">\n<div class=\"wp-block-button\"><a class=\"wp-block-button__link has-black-color has-luminous-vivid-amber-background-color has-text-color has-background wp-element-button\" href=\"https:\/\/xn--mhlau-kva.org\/website\/muehlau-stadtteil-fest-2023\/\">ZUR\u00dcCK ZUR STARTSEITE<\/a><\/div>\n\n\n\n<div class=\"wp-block-button\"><a class=\"wp-block-button__link has-black-color has-luminous-vivid-amber-background-color has-text-color has-background wp-element-button\" href=\"https:\/\/www.xn--mhlau-kva.org\/website\/muehlau-stadtteil-fest-2023\/10-brauchtumsgruppe-muehlau\/\">ZUR N\u00c4CHSTEN STATION<\/a><\/div>\n<\/div>\n","protected":false},"excerpt":{"rendered":"<p>Die IKB-Wasserchallenge in M\u00fchlau Die Actionbound Challange &#8220;Unser Innsbrucker Wasser&#8220; ist eine digitale Schnitzeljagd zum Thema Innsbrucker Wasser.Bei dieser Station gibts Informationen zur App, QR Code und anschlie\u00dfend eine Preis\u00fcbergabe [&hellip;]<\/p>\n","protected":false},"author":3,"featured_media":0,"parent":4773,"menu_order":9,"comment_status":"closed","ping_status":"closed","template":"","meta":{"footnotes":""},"_links":{"self":[{"href":"https:\/\/www.xn--mhlau-kva.org\/website\/wp-json\/wp\/v2\/pages\/4930"}],"collection":[{"href":"https:\/\/www.xn--mhlau-kva.org\/website\/wp-json\/wp\/v2\/pages"}],"about":[{"href":"https:\/\/www.xn--mhlau-kva.org\/website\/wp-json\/wp\/v2\/types\/page"}],"author":[{"embeddable":true,"href":"https:\/\/www.xn--mhlau-kva.org\/website\/wp-json\/wp\/v2\/users\/3"}],"replies":[{"embeddable":true,"href":"https:\/\/www.xn--mhlau-kva.org\/website\/wp-json\/wp\/v2\/comments?post=4930"}],"version-history":[{"count":11,"href":"https:\/\/www.xn--mhlau-kva.org\/website\/wp-json\/wp\/v2\/pages\/4930\/revisions"}],"predecessor-version":[{"id":5140,"href":"https:\/\/www.xn--mhlau-kva.org\/website\/wp-json\/wp\/v2\/pages\/4930\/revisions\/5140"}],"up":[{"embeddable":true,"href":"https:\/\/www.xn--mhlau-kva.org\/website\/wp-json\/wp\/v2\/pages\/4773"}],"wp:attachment":[{"href":"https:\/\/www.xn--mhlau-kva.org\/website\/wp-json\/wp\/v2\/media?parent=4930"}],"curies":[{"name":"wp","href":"https:\/\/api.w.org\/{rel}","templated":true}]}}