
{"id":4932,"date":"2023-09-19T20:57:57","date_gmt":"2023-09-19T18:57:57","guid":{"rendered":"https:\/\/www.xn--mhlau-kva.org\/website\/?page_id=4932"},"modified":"2023-09-23T15:34:25","modified_gmt":"2023-09-23T13:34:25","slug":"10-brauchtumsgruppe-muehlau","status":"publish","type":"page","link":"https:\/\/www.xn--mhlau-kva.org\/website\/muehlau-stadtteil-fest-2023\/10-brauchtumsgruppe-muehlau\/","title":{"rendered":"10. Brauchtumsgruppe M\u00fchlau"},"content":{"rendered":"\n<figure class=\"wp-block-image size-large\"><img decoding=\"async\" loading=\"lazy\" width=\"1030\" height=\"541\" src=\"https:\/\/www.xn--mhlau-kva.org\/website\/wp-content\/uploads\/2023\/09\/Muehlauer-Muller-1030x541.jpg\" alt=\"\" class=\"wp-image-5142\" srcset=\"https:\/\/www.xn--mhlau-kva.org\/website\/wp-content\/uploads\/2023\/09\/Muehlauer-Muller-1030x541.jpg 1030w, https:\/\/www.xn--mhlau-kva.org\/website\/wp-content\/uploads\/2023\/09\/Muehlauer-Muller-300x158.jpg 300w, https:\/\/www.xn--mhlau-kva.org\/website\/wp-content\/uploads\/2023\/09\/Muehlauer-Muller-768x403.jpg 768w, https:\/\/www.xn--mhlau-kva.org\/website\/wp-content\/uploads\/2023\/09\/Muehlauer-Muller-705x370.jpg 705w, https:\/\/www.xn--mhlau-kva.org\/website\/wp-content\/uploads\/2023\/09\/Muehlauer-Muller.jpg 1200w\" sizes=\"(max-width: 1030px) 100vw, 1030px\" \/><\/figure>\n\n\n\n<p><strong>Seit 2011 ist das \u201eMullen und Matschgern&#8221; in den MARTHA D\u00f6rfern als nationales Kulturerbe der UNESCO eingetragen.\u00a0<\/strong><br><\/p>\n\n\n\n<p>Die <a rel=\"noreferrer noopener\" href=\"http:\/\/www.muehlauer-muller.at\/CMS\/der-verein\/\" target=\"_blank\">M\u00fchlauer Muller<\/a>, Thomas Winterle und Markus Kapferer\u00a0(Obmann)\u00a0pr\u00e4sentieren das Brauchtum der \u201eM\u00fchlauer Muller\u201c und die dazu geh\u00f6renden Figuren.<\/p>\n\n\n\n<p>Der Sinn des Brauches war seit jeher die Wintergeister und somit den Winter zu vertreiben und um Platz zu schaffen f\u00fcr das kommende Jahr. Das in den MARTHA-D\u00f6rfern beheimatete und in M\u00fchlau unter dem Namen \u201eMullen\u201c im Fasching ausge\u00fcbte Brauchtum wird als eine im Mittelalter beginnende Tradition beschrieben, bei der kleine Gruppen von Hof zu Hof zogen und den Tennen ihre T\u00e4nze vorzeigten. <br>Die auftretenden Figuren symbolisieren dabei die vier unterschiedlichen Jahreszeiten und den Sieg vom Fr\u00fchling \u00fcber den Winter. <br>Das \u201eabmullen\u201c \u2013 ein leichter Schlag auf die Schulter \u2013 soll Gl\u00fcck Gesundheit und Fruchtbarkeit bringen.<br><br><\/p>\n\n\n\n<div class=\"wp-block-buttons is-content-justification-center is-layout-flex wp-container-1 wp-block-buttons-is-layout-flex\">\n<div class=\"wp-block-button is-style-fill\"><a class=\"wp-block-button__link has-black-color has-luminous-vivid-amber-background-color has-text-color has-background wp-element-button\" href=\"https:\/\/xn--mhlau-kva.org\/website\/muehlau-stadtteil-fest-2023\/\">ZUR\u00dcCK ZUR STARTSEITE<\/a><\/div>\n\n\n\n<div class=\"wp-block-button is-style-fill\"><a class=\"wp-block-button__link has-black-color has-luminous-vivid-amber-background-color has-text-color has-background wp-element-button\" href=\"https:\/\/www.xn--mhlau-kva.org\/website\/muehlau-stadtteil-fest-2023\/11-musikkapelle-muehlau\/\">ZUR N\u00c4CHSTEN STATION<\/a><\/div>\n<\/div>\n","protected":false},"excerpt":{"rendered":"<p>Seit 2011 ist das \u201eMullen und Matschgern&#8221; in den MARTHA D\u00f6rfern als nationales Kulturerbe der UNESCO eingetragen.\u00a0 Die M\u00fchlauer Muller, Thomas Winterle und Markus Kapferer\u00a0(Obmann)\u00a0pr\u00e4sentieren das Brauchtum der \u201eM\u00fchlauer Muller\u201c [&hellip;]<\/p>\n","protected":false},"author":3,"featured_media":0,"parent":4773,"menu_order":10,"comment_status":"closed","ping_status":"closed","template":"","meta":{"footnotes":""},"_links":{"self":[{"href":"https:\/\/www.xn--mhlau-kva.org\/website\/wp-json\/wp\/v2\/pages\/4932"}],"collection":[{"href":"https:\/\/www.xn--mhlau-kva.org\/website\/wp-json\/wp\/v2\/pages"}],"about":[{"href":"https:\/\/www.xn--mhlau-kva.org\/website\/wp-json\/wp\/v2\/types\/page"}],"author":[{"embeddable":true,"href":"https:\/\/www.xn--mhlau-kva.org\/website\/wp-json\/wp\/v2\/users\/3"}],"replies":[{"embeddable":true,"href":"https:\/\/www.xn--mhlau-kva.org\/website\/wp-json\/wp\/v2\/comments?post=4932"}],"version-history":[{"count":8,"href":"https:\/\/www.xn--mhlau-kva.org\/website\/wp-json\/wp\/v2\/pages\/4932\/revisions"}],"predecessor-version":[{"id":5143,"href":"https:\/\/www.xn--mhlau-kva.org\/website\/wp-json\/wp\/v2\/pages\/4932\/revisions\/5143"}],"up":[{"embeddable":true,"href":"https:\/\/www.xn--mhlau-kva.org\/website\/wp-json\/wp\/v2\/pages\/4773"}],"wp:attachment":[{"href":"https:\/\/www.xn--mhlau-kva.org\/website\/wp-json\/wp\/v2\/media?parent=4932"}],"curies":[{"name":"wp","href":"https:\/\/api.w.org\/{rel}","templated":true}]}}