
{"id":4949,"date":"2023-09-19T21:24:34","date_gmt":"2023-09-19T19:24:34","guid":{"rendered":"https:\/\/www.xn--mhlau-kva.org\/website\/?page_id=4949"},"modified":"2023-09-23T16:08:03","modified_gmt":"2023-09-23T14:08:03","slug":"15-kirche-sakristei-turm","status":"publish","type":"page","link":"https:\/\/www.xn--mhlau-kva.org\/website\/muehlau-stadtteil-fest-2023\/15-kirche-sakristei-turm\/","title":{"rendered":"15. Kirche, Sakristei, Turm"},"content":{"rendered":"\n<figure class=\"wp-block-image size-large\"><a href=\"https:\/\/www.dibk.at\/Media\/Pfarren\/Innsbruck-Muehlau-SR-Arzl-Muehlau-Saggen\" target=\"_blank\" rel=\"noreferrer noopener\"><img decoding=\"async\" loading=\"lazy\" width=\"1030\" height=\"541\" src=\"https:\/\/www.xn--mhlau-kva.org\/website\/wp-content\/uploads\/2023\/09\/Kirche-Muehlau-1030x541.jpg\" alt=\"\" class=\"wp-image-5160\" srcset=\"https:\/\/www.xn--mhlau-kva.org\/website\/wp-content\/uploads\/2023\/09\/Kirche-Muehlau-1030x541.jpg 1030w, https:\/\/www.xn--mhlau-kva.org\/website\/wp-content\/uploads\/2023\/09\/Kirche-Muehlau-300x158.jpg 300w, https:\/\/www.xn--mhlau-kva.org\/website\/wp-content\/uploads\/2023\/09\/Kirche-Muehlau-768x403.jpg 768w, https:\/\/www.xn--mhlau-kva.org\/website\/wp-content\/uploads\/2023\/09\/Kirche-Muehlau-705x370.jpg 705w, https:\/\/www.xn--mhlau-kva.org\/website\/wp-content\/uploads\/2023\/09\/Kirche-Muehlau.jpg 1200w\" sizes=\"(max-width: 1030px) 100vw, 1030px\" \/><\/a><\/figure>\n\n\n\n<p>Nach der Sonntagsmesse um 11 Uhr 30 geht\u2019s in 2 F\u00fchrungen um 11.30 Uhr und 12.00 Uhr hinauf auf den M\u00fchlauer Kirchturm. Johannes Grassmayr informiert \u00fcber die Geschichte der Glocken im Turm.<\/p>\n\n\n\n<p>Unser M\u00fchlauer Pfarrer Univ. Prof. Dr. Boris Repschinski steht f\u00fcr Fragen zur Verf\u00fcgung.<\/p>\n\n\n\n<p>Die <a href=\"https:\/\/www.dibk.at\/Media\/Pfarren\/Innsbruck-Muehlau-SR-Arzl-Muehlau-Saggen\" target=\"_blank\" rel=\"noreferrer noopener\">M\u00fchlauer Pfarrkirche<\/a>:<br>Die urspr\u00fcngliche gotische Kirche im Stadtteil M\u00fchlau wurde bereits 1432 errichtet, wurde jedoch in den Jahren 1748-1750 abgerissen. Stattdessen entstand ein barockes Bauwerk, das in den 1850er Jahren erneut renoviert wurde, wodurch die Kirche ihr heutiges Aussehen bekommen hat.<\/p>\n\n\n\n<p>Geweiht ist die Kirche dem Hl. Antonius und dem Hl. Leonhard. Beide Heilige sind in der Kirche sowohl am Hochaltar als gro\u00dfe Holzstatuen, als auch auf einem Bild am Seitenaltar vertreten. Seit 1891 ist M\u00fchlau eine eigenst\u00e4ndige Pfarre, davor war sie Teil des Thaurer Pfarrgebietes.<br><br><\/p>\n\n\n\n<div class=\"wp-block-buttons is-content-justification-center is-layout-flex wp-container-1 wp-block-buttons-is-layout-flex\">\n<div class=\"wp-block-button\"><a class=\"wp-block-button__link has-black-color has-luminous-vivid-amber-background-color has-text-color has-background wp-element-button\" href=\"https:\/\/www.xn--mhlau-kva.org\/website\/muehlau-stadtteil-fest-2023\/\">ZUR\u00dcCK ZUR STARTSEITE<\/a><\/div>\n\n\n\n<div class=\"wp-block-button\"><a class=\"wp-block-button__link has-black-color has-luminous-vivid-amber-background-color has-text-color has-background wp-element-button\" href=\"https:\/\/www.m\u00fchlau.org\/website\/muehlau-stadtteil-fest-2023\/16-widum\/\">ZUR N\u00c4CHSTEN STATION<\/a><\/div>\n<\/div>\n","protected":false},"excerpt":{"rendered":"<p>Nach der Sonntagsmesse um 11 Uhr 30 geht\u2019s in 2 F\u00fchrungen um 11.30 Uhr und 12.00 Uhr hinauf auf den M\u00fchlauer Kirchturm. Johannes Grassmayr informiert \u00fcber die Geschichte der Glocken [&hellip;]<\/p>\n","protected":false},"author":3,"featured_media":0,"parent":4773,"menu_order":15,"comment_status":"closed","ping_status":"closed","template":"","meta":{"footnotes":""},"_links":{"self":[{"href":"https:\/\/www.xn--mhlau-kva.org\/website\/wp-json\/wp\/v2\/pages\/4949"}],"collection":[{"href":"https:\/\/www.xn--mhlau-kva.org\/website\/wp-json\/wp\/v2\/pages"}],"about":[{"href":"https:\/\/www.xn--mhlau-kva.org\/website\/wp-json\/wp\/v2\/types\/page"}],"author":[{"embeddable":true,"href":"https:\/\/www.xn--mhlau-kva.org\/website\/wp-json\/wp\/v2\/users\/3"}],"replies":[{"embeddable":true,"href":"https:\/\/www.xn--mhlau-kva.org\/website\/wp-json\/wp\/v2\/comments?post=4949"}],"version-history":[{"count":9,"href":"https:\/\/www.xn--mhlau-kva.org\/website\/wp-json\/wp\/v2\/pages\/4949\/revisions"}],"predecessor-version":[{"id":5165,"href":"https:\/\/www.xn--mhlau-kva.org\/website\/wp-json\/wp\/v2\/pages\/4949\/revisions\/5165"}],"up":[{"embeddable":true,"href":"https:\/\/www.xn--mhlau-kva.org\/website\/wp-json\/wp\/v2\/pages\/4773"}],"wp:attachment":[{"href":"https:\/\/www.xn--mhlau-kva.org\/website\/wp-json\/wp\/v2\/media?parent=4949"}],"curies":[{"name":"wp","href":"https:\/\/api.w.org\/{rel}","templated":true}]}}