
{"id":4953,"date":"2023-09-19T21:32:32","date_gmt":"2023-09-19T19:32:32","guid":{"rendered":"https:\/\/www.xn--mhlau-kva.org\/website\/?page_id=4953"},"modified":"2023-09-30T12:38:57","modified_gmt":"2023-09-30T10:38:57","slug":"16-widum","status":"publish","type":"page","link":"https:\/\/www.xn--mhlau-kva.org\/website\/muehlau-stadtteil-fest-2023\/16-widum\/","title":{"rendered":"16. Widum"},"content":{"rendered":"\n<figure class=\"wp-block-image size-large\"><img decoding=\"async\" loading=\"lazy\" width=\"1030\" height=\"541\" src=\"https:\/\/www.xn--mhlau-kva.org\/website\/wp-content\/uploads\/2023\/09\/Widum_Muehlau-1030x541.jpg\" alt=\"\" class=\"wp-image-5167\" srcset=\"https:\/\/www.xn--mhlau-kva.org\/website\/wp-content\/uploads\/2023\/09\/Widum_Muehlau-1030x541.jpg 1030w, https:\/\/www.xn--mhlau-kva.org\/website\/wp-content\/uploads\/2023\/09\/Widum_Muehlau-300x158.jpg 300w, https:\/\/www.xn--mhlau-kva.org\/website\/wp-content\/uploads\/2023\/09\/Widum_Muehlau-768x403.jpg 768w, https:\/\/www.xn--mhlau-kva.org\/website\/wp-content\/uploads\/2023\/09\/Widum_Muehlau-705x370.jpg 705w, https:\/\/www.xn--mhlau-kva.org\/website\/wp-content\/uploads\/2023\/09\/Widum_Muehlau.jpg 1200w\" sizes=\"(max-width: 1030px) 100vw, 1030px\" \/><\/figure>\n\n\n\n<p><strong>F\u00fcr die \u201eKleinsten\u201c gibt es einen Bobbycar Parcours am Widumsplatz. <\/strong><\/p>\n\n\n\n<p>Die<a rel=\"noreferrer noopener\" href=\"https:\/\/www.dibk.at\/Media\/Pfarren\/Innsbruck-Muehlau-SR-Arzl-Muehlau-Saggen\/Gruppen-der-Pfarre-Muehlau2\/MinistrantInnen-Jungschar-Mini-Fussball\" target=\"_blank\"> Pfarrjugend M\u00fchlau<\/a> l\u00e4dt traditionell nach dem Sonntagsgottesdienst zum eingeb\u00fcrgerten Pfarrkaffe.<\/p>\n\n\n\n<p>Auch wurde f\u00fcr das Stadtteilfest die digitale Schnitzeljagd <a rel=\"noreferrer noopener\" href=\"https:\/\/actionbound.com\/bound\/stadtteilfest-muehlau\" target=\"_blank\">\u201eStadtteilfest M\u00fchlau\u201c ACTIONBOUND<\/a> durch die Pfarrjugend gestaltet.<\/p>\n\n\n\n<p><br>Der seit 1501 urkundlich nachweisbare Ansitz Ehrentreytz wurde im ersten Viertel des 18. Jahrhunderts als Sommersitz der Reichsgrafen von\u00a0<a rel=\"noreferrer noopener\" href=\"https:\/\/de.wikipedia.org\/wiki\/Lodron\" target=\"_blank\">Lodron<\/a>\u00a0neu gebaut. Im 19. Jahrhundert wurde darin eine Naturheilanstalt eingerichtet. Danach wurde das Geb\u00e4ude von der Gemeinde M\u00fchlau erworben, als Widum und Schule genutzt und 1927 umgebaut. Das lang gestreckte, zweigescho\u00dfige Geb\u00e4ude auf rechteckigem Grundriss ist von einem weit vorkragenden Walmdach bedeckt. An der Westfassade befindet sich ein ovales\u00a0<a rel=\"noreferrer noopener\" href=\"https:\/\/de.wikipedia.org\/wiki\/Gnadenbild_Mariahilf\" target=\"_blank\">Gnadenbild Mariahilf<\/a>\u00a0in einem profilierten Stuckrahmen vom Ende des 18. oder Anfang des 19. Jahrhunderts.<br><br><\/p>\n\n\n\n<div class=\"wp-block-buttons is-content-justification-center is-layout-flex wp-container-1 wp-block-buttons-is-layout-flex\">\n<div class=\"wp-block-button\"><a class=\"wp-block-button__link has-black-color has-luminous-vivid-amber-background-color has-text-color has-background wp-element-button\" href=\"https:\/\/xn--mhlau-kva.org\/website\/muehlau-stadtteil-fest-2023\/\">ZUR\u00dcCK ZUR STARTSEITE<\/a><\/div>\n\n\n\n<div class=\"wp-block-button\"><a class=\"wp-block-button__link has-black-color has-luminous-vivid-amber-background-color has-text-color has-background wp-element-button\" href=\"https:\/\/www.xn--mhlau-kva.org\/website\/muehlau-stadtteil-fest-2023\/17-biotop-muehlau\/\">ZUR N\u00c4CHSTEN STATION<\/a><\/div>\n<\/div>\n","protected":false},"excerpt":{"rendered":"<p>F\u00fcr die \u201eKleinsten\u201c gibt es einen Bobbycar Parcours am Widumsplatz. Die Pfarrjugend M\u00fchlau l\u00e4dt traditionell nach dem Sonntagsgottesdienst zum eingeb\u00fcrgerten Pfarrkaffe. Auch wurde f\u00fcr das Stadtteilfest die digitale Schnitzeljagd \u201eStadtteilfest [&hellip;]<\/p>\n","protected":false},"author":3,"featured_media":0,"parent":4773,"menu_order":16,"comment_status":"closed","ping_status":"closed","template":"","meta":{"footnotes":""},"_links":{"self":[{"href":"https:\/\/www.xn--mhlau-kva.org\/website\/wp-json\/wp\/v2\/pages\/4953"}],"collection":[{"href":"https:\/\/www.xn--mhlau-kva.org\/website\/wp-json\/wp\/v2\/pages"}],"about":[{"href":"https:\/\/www.xn--mhlau-kva.org\/website\/wp-json\/wp\/v2\/types\/page"}],"author":[{"embeddable":true,"href":"https:\/\/www.xn--mhlau-kva.org\/website\/wp-json\/wp\/v2\/users\/3"}],"replies":[{"embeddable":true,"href":"https:\/\/www.xn--mhlau-kva.org\/website\/wp-json\/wp\/v2\/comments?post=4953"}],"version-history":[{"count":13,"href":"https:\/\/www.xn--mhlau-kva.org\/website\/wp-json\/wp\/v2\/pages\/4953\/revisions"}],"predecessor-version":[{"id":5307,"href":"https:\/\/www.xn--mhlau-kva.org\/website\/wp-json\/wp\/v2\/pages\/4953\/revisions\/5307"}],"up":[{"embeddable":true,"href":"https:\/\/www.xn--mhlau-kva.org\/website\/wp-json\/wp\/v2\/pages\/4773"}],"wp:attachment":[{"href":"https:\/\/www.xn--mhlau-kva.org\/website\/wp-json\/wp\/v2\/media?parent=4953"}],"curies":[{"name":"wp","href":"https:\/\/api.w.org\/{rel}","templated":true}]}}