
{"id":4955,"date":"2023-09-19T21:36:13","date_gmt":"2023-09-19T19:36:13","guid":{"rendered":"https:\/\/www.xn--mhlau-kva.org\/website\/?page_id=4955"},"modified":"2023-09-23T16:23:35","modified_gmt":"2023-09-23T14:23:35","slug":"17-biotop-muehlau","status":"publish","type":"page","link":"https:\/\/www.xn--mhlau-kva.org\/website\/muehlau-stadtteil-fest-2023\/17-biotop-muehlau\/","title":{"rendered":"17. Biotop M\u00fchlau"},"content":{"rendered":"\n<figure class=\"wp-block-image size-large\"><img decoding=\"async\" loading=\"lazy\" width=\"1030\" height=\"541\" src=\"https:\/\/www.xn--mhlau-kva.org\/website\/wp-content\/uploads\/2023\/09\/Fuchsloch-Natopia-1030x541.jpg\" alt=\"\" class=\"wp-image-5169\" srcset=\"https:\/\/www.xn--mhlau-kva.org\/website\/wp-content\/uploads\/2023\/09\/Fuchsloch-Natopia-1030x541.jpg 1030w, https:\/\/www.xn--mhlau-kva.org\/website\/wp-content\/uploads\/2023\/09\/Fuchsloch-Natopia-300x158.jpg 300w, https:\/\/www.xn--mhlau-kva.org\/website\/wp-content\/uploads\/2023\/09\/Fuchsloch-Natopia-768x403.jpg 768w, https:\/\/www.xn--mhlau-kva.org\/website\/wp-content\/uploads\/2023\/09\/Fuchsloch-Natopia-705x370.jpg 705w, https:\/\/www.xn--mhlau-kva.org\/website\/wp-content\/uploads\/2023\/09\/Fuchsloch-Natopia.jpg 1200w\" sizes=\"(max-width: 1030px) 100vw, 1030px\" \/><\/figure>\n\n\n\n<p><strong>F\u00fchrungen im Biotop<\/strong> <\/p>\n\n\n\n<p>Das <a href=\"https:\/\/www.natopia.at\/muehlauer-fuchsloch\/\" target=\"_blank\" rel=\"noreferrer noopener\">M\u00fchlauer Fuchsloch<\/a> ist eine Naturoase im Innsbrucker Stadtgebiet.\u00a0<span style=\"font-size: revert;\">Teiche, T\u00fcmpel, Wasserl\u00e4ufe, verschiedenste Wiesen- und Waldtypen sind hier gleichzeitig Lebensraum f\u00fcr Tiere und Pflanzen und Erholungsraum f\u00fcr den Menschen.<\/span><\/p>\n\n\n\n<p>Sylvia und Wolfgang Auer, bieten im Rahmen des Stadteilfestes zwei naturkundliche F\u00fchrungen um 13.00 Uhr und 15.00 Uhr durch das Biotop an.<br><br><\/p>\n\n\n\n<div class=\"wp-block-buttons is-content-justification-center is-layout-flex wp-container-1 wp-block-buttons-is-layout-flex\">\n<div class=\"wp-block-button\"><a class=\"wp-block-button__link has-black-color has-luminous-vivid-amber-background-color has-text-color has-background wp-element-button\" href=\"https:\/\/xn--mhlau-kva.org\/website\/muehlau-stadtteil-fest-2023\/\">ZUR\u00dcCK ZUR STARTSEITE<\/a><\/div>\n\n\n\n<div class=\"wp-block-button\"><a class=\"wp-block-button__link has-black-color has-luminous-vivid-amber-background-color has-text-color has-background wp-element-button\" href=\"https:\/\/www.xn--mhlau-kva.org\/website\/muehlau-stadtteil-fest-2023\/18-fuchsloch\/\">ZUR N\u00c4CHSTEN STATION<\/a><\/div>\n<\/div>\n","protected":false},"excerpt":{"rendered":"<p>F\u00fchrungen im Biotop Das M\u00fchlauer Fuchsloch ist eine Naturoase im Innsbrucker Stadtgebiet.\u00a0Teiche, T\u00fcmpel, Wasserl\u00e4ufe, verschiedenste Wiesen- und Waldtypen sind hier gleichzeitig Lebensraum f\u00fcr Tiere und Pflanzen und Erholungsraum f\u00fcr den [&hellip;]<\/p>\n","protected":false},"author":3,"featured_media":0,"parent":4773,"menu_order":17,"comment_status":"closed","ping_status":"closed","template":"","meta":{"footnotes":""},"_links":{"self":[{"href":"https:\/\/www.xn--mhlau-kva.org\/website\/wp-json\/wp\/v2\/pages\/4955"}],"collection":[{"href":"https:\/\/www.xn--mhlau-kva.org\/website\/wp-json\/wp\/v2\/pages"}],"about":[{"href":"https:\/\/www.xn--mhlau-kva.org\/website\/wp-json\/wp\/v2\/types\/page"}],"author":[{"embeddable":true,"href":"https:\/\/www.xn--mhlau-kva.org\/website\/wp-json\/wp\/v2\/users\/3"}],"replies":[{"embeddable":true,"href":"https:\/\/www.xn--mhlau-kva.org\/website\/wp-json\/wp\/v2\/comments?post=4955"}],"version-history":[{"count":6,"href":"https:\/\/www.xn--mhlau-kva.org\/website\/wp-json\/wp\/v2\/pages\/4955\/revisions"}],"predecessor-version":[{"id":5171,"href":"https:\/\/www.xn--mhlau-kva.org\/website\/wp-json\/wp\/v2\/pages\/4955\/revisions\/5171"}],"up":[{"embeddable":true,"href":"https:\/\/www.xn--mhlau-kva.org\/website\/wp-json\/wp\/v2\/pages\/4773"}],"wp:attachment":[{"href":"https:\/\/www.xn--mhlau-kva.org\/website\/wp-json\/wp\/v2\/media?parent=4955"}],"curies":[{"name":"wp","href":"https:\/\/api.w.org\/{rel}","templated":true}]}}