
{"id":5191,"date":"2023-09-24T20:35:49","date_gmt":"2023-09-24T18:35:49","guid":{"rendered":"https:\/\/www.xn--mhlau-kva.org\/website\/?page_id=5191"},"modified":"2023-09-30T12:37:04","modified_gmt":"2023-09-30T10:37:04","slug":"1-1-muehlauer-saenger-und-jugendensemble","status":"publish","type":"page","link":"https:\/\/www.xn--mhlau-kva.org\/website\/muehlau-stadtteil-fest-2023\/1-1-muehlauer-saenger-und-jugendensemble\/","title":{"rendered":"1.1 M\u00dcHLAUER S\u00c4NGER UND JUGENDENSEMBLE"},"content":{"rendered":"\n<figure class=\"wp-block-image size-large\"><img decoding=\"async\" loading=\"lazy\" width=\"1030\" height=\"541\" src=\"https:\/\/www.xn--mhlau-kva.org\/website\/wp-content\/uploads\/2023\/09\/Muehlauer-Saenger-1030x541.jpg\" alt=\"\" class=\"wp-image-5192\" srcset=\"https:\/\/www.xn--mhlau-kva.org\/website\/wp-content\/uploads\/2023\/09\/Muehlauer-Saenger-1030x541.jpg 1030w, https:\/\/www.xn--mhlau-kva.org\/website\/wp-content\/uploads\/2023\/09\/Muehlauer-Saenger-300x158.jpg 300w, https:\/\/www.xn--mhlau-kva.org\/website\/wp-content\/uploads\/2023\/09\/Muehlauer-Saenger-768x403.jpg 768w, https:\/\/www.xn--mhlau-kva.org\/website\/wp-content\/uploads\/2023\/09\/Muehlauer-Saenger-705x370.jpg 705w, https:\/\/www.xn--mhlau-kva.org\/website\/wp-content\/uploads\/2023\/09\/Muehlauer-Saenger.jpg 1200w\" sizes=\"(max-width: 1030px) 100vw, 1030px\" \/><\/figure>\n\n\n\n<p><strong>Um 15.00 gibt es auf der B\u00fchne unter anderem einen Auftritt der M\u00fchlauer S\u00e4nger sowie des Jugendensembles.<\/strong><\/p>\n\n\n\n<p>Die <a rel=\"noreferrer noopener\" href=\"https:\/\/www.muehlauer-saenger.at\/at\/themen\/\" target=\"_blank\">S\u00e4ngervereinigung M\u00fchlau<\/a> (gegr\u00fcndet 1920) ist in erster Linie ein M\u00e4nnerchor mit 39 Mitgliedern (S\u00e4ngern). <br>Die Proben finden in der Regel jeden Freitag ab 19:00 Uhr im Mehrzwecksaal der Volksschule M\u00fchlau statt. Gesungen werden Tiroler Lieder, verschiedene Volklslieder, Kunstlieder, zeitgen\u00f6ssische Lieder, diverse Kirchenlieder und immer wieder auch Lieder in Fremdsprachen z.B. Spirituals. <\/p>\n\n\n\n<p>Die Heranf\u00fchrung von Jugendlichen zum Gesang ist ein aktueller Schwerpunkt der M\u00fchlauer S\u00e4nger, so unterst\u00fctzt die S\u00e4ngervereinigung auch das <a rel=\"noreferrer noopener\" href=\"https:\/\/www.chorverband.tirol\/jugendvokalensemble-belsuono\" target=\"_blank\">M\u00fchlauer Jugendvocalensemble BelSuono<\/a>, welches buntgemischt vom Volks- und Kunstlied \u00fcber Gospels und Spirituals bis hin zur Popst\u00fccken gerne Neues ausprobiert. <br><br>Auch organisieren die M\u00fchlauer S\u00e4nger seit dem Fr\u00fchjahr 2023 erfolgreich das \u00dc20 Jungm\u00e4nnersingen, welches sehr gerne von jungen und junggebliebenen M\u00e4nnern angenommen wird. <br>Im Herbst, am 18. November, wird das M\u00fchlauer S\u00e4ngerkonzert mit starker Beteiligung von jungen S\u00e4ngern und in diesem Fall auch S\u00e4ngerinnen vom Jugendensemble wieder stattfinden. <br><strong>Gesangsinteressierte Schnelleinsteiger und junge S\u00e4nger:innen k\u00f6nnen sich beim Obmann Robert oder bei der Ensembleleiterin Nina gerne melden.<\/strong><br><br><br><\/p>\n\n\n\n<div class=\"wp-block-buttons is-content-justification-center is-layout-flex wp-container-1 wp-block-buttons-is-layout-flex\">\n<div class=\"wp-block-button\"><a class=\"wp-block-button__link has-black-color has-luminous-vivid-amber-background-color has-text-color has-background wp-element-button\" href=\"https:\/\/www.xn--mhlau-kva.org\/website\/muehlau-stadtteil-fest-2023\/\">ZUR\u00dcCK ZUR STARTSEITE<\/a><\/div>\n\n\n\n<div class=\"wp-block-button\"><a class=\"wp-block-button__link has-black-color has-luminous-vivid-amber-background-color has-text-color has-background wp-element-button\" href=\"https:\/\/www.xn--mhlau-kva.org\/website\/muehlau-stadtteil-fest-2023\/2-stadtteiltreff\/\">ZUR N\u00c4CHSTEN STATION<\/a><\/div>\n<\/div>\n","protected":false},"excerpt":{"rendered":"<p>Um 15.00 gibt es auf der B\u00fchne unter anderem einen Auftritt der M\u00fchlauer S\u00e4nger sowie des Jugendensembles. Die S\u00e4ngervereinigung M\u00fchlau (gegr\u00fcndet 1920) ist in erster Linie ein M\u00e4nnerchor mit 39 [&hellip;]<\/p>\n","protected":false},"author":3,"featured_media":0,"parent":4773,"menu_order":-1,"comment_status":"closed","ping_status":"closed","template":"","meta":{"footnotes":""},"_links":{"self":[{"href":"https:\/\/www.xn--mhlau-kva.org\/website\/wp-json\/wp\/v2\/pages\/5191"}],"collection":[{"href":"https:\/\/www.xn--mhlau-kva.org\/website\/wp-json\/wp\/v2\/pages"}],"about":[{"href":"https:\/\/www.xn--mhlau-kva.org\/website\/wp-json\/wp\/v2\/types\/page"}],"author":[{"embeddable":true,"href":"https:\/\/www.xn--mhlau-kva.org\/website\/wp-json\/wp\/v2\/users\/3"}],"replies":[{"embeddable":true,"href":"https:\/\/www.xn--mhlau-kva.org\/website\/wp-json\/wp\/v2\/comments?post=5191"}],"version-history":[{"count":8,"href":"https:\/\/www.xn--mhlau-kva.org\/website\/wp-json\/wp\/v2\/pages\/5191\/revisions"}],"predecessor-version":[{"id":5304,"href":"https:\/\/www.xn--mhlau-kva.org\/website\/wp-json\/wp\/v2\/pages\/5191\/revisions\/5304"}],"up":[{"embeddable":true,"href":"https:\/\/www.xn--mhlau-kva.org\/website\/wp-json\/wp\/v2\/pages\/4773"}],"wp:attachment":[{"href":"https:\/\/www.xn--mhlau-kva.org\/website\/wp-json\/wp\/v2\/media?parent=5191"}],"curies":[{"name":"wp","href":"https:\/\/api.w.org\/{rel}","templated":true}]}}